{"id":14,"date":"2015-06-25T13:17:27","date_gmt":"2015-06-25T11:17:27","guid":{"rendered":"http:\/\/go2sun.ch\/cmz\/?page_id=14"},"modified":"2017-01-17T19:25:27","modified_gmt":"2017-01-17T18:25:27","slug":"unternehmen","status":"publish","type":"page","link":"https:\/\/www.cmz-bauplus.ch\/","title":{"rendered":"Unternehmen"},"content":{"rendered":"<p>Wir sind ein kleines Unternehmen, welches vor allem:<\/p>\n<ul>\n<li>Elementmontagen in Beton und Kunststein<\/li>\n<li>Versetzarbeiten von Elementen<\/li>\n<li>Kundenmaurerarbeiten<\/li>\n<\/ul>\n<p>ausf\u00fchrt.<\/p>\n<p>Das Gesch\u00e4ft wurde am 1. August 2015 gegr\u00fcndet, ist jedoch eine \u00dcbernahme des bereits erfolgreichen Einzelunternehmens Burkhardt Betonbau. Unser sechsk\u00f6pfiges Team kann auf Erfahrung von \u00fcber 35 Jahren im Bereich Betonfertigteilmontagen und Hoch- und Tiefbauarbeiten zur\u00fcckgreifen.<\/p>\n<p>Damit Sie sich ein Bild machen k\u00f6nnen, klicken Sie auf die <a href=\"http:\/\/cmz-bauplus.ch\/index.php\/reverenzen\/\">Referenzliste<\/a>.<\/p>\n<p>&nbsp;<\/p>\n","protected":false},"excerpt":{"rendered":"<p>Wir sind ein kleines Unternehmen, welches vor allem: Elementmontagen in Beton und Kunststein Versetzarbeiten von Elementen Kundenmaurerarbeiten ausf\u00fchrt. Das Gesch\u00e4ft<\/p>\n","protected":false},"author":1,"featured_media":0,"parent":0,"menu_order":1,"comment_status":"closed","ping_status":"closed","template":"","meta":{"footnotes":""},"class_list":["post-14","page","type-page","status-publish","hentry"],"_links":{"self":[{"href":"https:\/\/www.cmz-bauplus.ch\/index.php\/wp-json\/wp\/v2\/pages\/14","targetHints":{"allow":["GET"]}}],"collection":[{"href":"https:\/\/www.cmz-bauplus.ch\/index.php\/wp-json\/wp\/v2\/pages"}],"about":[{"href":"https:\/\/www.cmz-bauplus.ch\/index.php\/wp-json\/wp\/v2\/types\/page"}],"author":[{"embeddable":true,"href":"https:\/\/www.cmz-bauplus.ch\/index.php\/wp-json\/wp\/v2\/users\/1"}],"replies":[{"embeddable":true,"href":"https:\/\/www.cmz-bauplus.ch\/index.php\/wp-json\/wp\/v2\/comments?post=14"}],"version-history":[{"count":11,"href":"https:\/\/www.cmz-bauplus.ch\/index.php\/wp-json\/wp\/v2\/pages\/14\/revisions"}],"predecessor-version":[{"id":328,"href":"https:\/\/www.cmz-bauplus.ch\/index.php\/wp-json\/wp\/v2\/pages\/14\/revisions\/328"}],"wp:attachment":[{"href":"https:\/\/www.cmz-bauplus.ch\/index.php\/wp-json\/wp\/v2\/media?parent=14"}],"curies":[{"name":"wp","href":"https:\/\/api.w.org\/{rel}","templated":true}]}}