{"id":412,"date":"2024-06-05T07:42:28","date_gmt":"2024-06-05T05:42:28","guid":{"rendered":"http:\/\/www.cmz-bauplus.ch\/?page_id=412"},"modified":"2024-06-27T10:01:16","modified_gmt":"2024-06-27T08:01:16","slug":"offene-stellen","status":"publish","type":"page","link":"https:\/\/www.cmz-bauplus.ch\/index.php\/unternehmen\/offene-stellen\/","title":{"rendered":"Offene Stellen"},"content":{"rendered":"<p>Wir suchen zur Verst\u00e4rkung unseres Teams:<\/p>\n<p>Monteur 80 &#8211; 100%<\/p>\n\n\n<hr class=\"wp-block-separator has-alpha-channel-opacity\"\/>\n\n\n\n<div class=\"forminator-guttenberg\"><div class=\"forminator-ui forminator-custom-form forminator-custom-form-460 forminator-design--default  forminator_ajax\" data-forminator-render=\"0\" data-form=\"forminator-module-460\" data-uid=\"69d24e69c92c4\"><br\/><\/div><form\n\t\t\t\tid=\"forminator-module-460\"\n\t\t\t\tclass=\"forminator-ui forminator-custom-form forminator-custom-form-460 forminator-design--default  forminator_ajax\"\n\t\t\t\tmethod=\"post\"\n\t\t\t\tdata-forminator-render=\"0\"\n\t\t\t\tdata-form-id=\"460\"\n\t\t\t\t\n\t\t\t\tdata-design=\"default\"\n\t\t\t\t\n\t\t\t\t\n\t\t\t\t\n\t\t\t\tdata-grid=\"open\"\n\t\t\t\tenctype=\"multipart\/form-data\"\n\t\t\t\t\n\t\t\t\tstyle=\"display: none;\"\n\t\t\t\t\n\t\t\t\tdata-uid=\"69d24e69c92c4\"\n\t\t\t><div role=\"alert\" aria-live=\"polite\" class=\"forminator-response-message forminator-error\" aria-hidden=\"true\"><\/div><div class=\"forminator-row\"><div id=\"name-1\" class=\"forminator-field-name forminator-col forminator-col-12 \"><div class=\"forminator-row forminator-no-margin\" data-multiple=\"true\"><div class=\"forminator-col forminator-col-md-6\"><div class=\"forminator-field\"><label for=\"forminator-field-460__field--name-1_69d24e69c92c4\" id=\"forminator-field-460__field--name-1_69d24e69c92c4-label\" class=\"forminator-label\">Anrede<\/label><select name=\"name-1-prefix\" id=\"forminator-field-460__field--name-1_69d24e69c92c4\" class=\"forminator-select2\" data-multi=\"1\" aria-labelledby=\"forminator-field-460__field--name-1_69d24e69c92c4-label\" data-default-value=\"\"><option value=\"Mr\" >Herr<\/option><option value=\"Mrs\" >Frau<\/option><option value=\"Ms\" >Frau<\/option><option value=\"Mx\" >Mx.<\/option><option value=\"Miss\" >Frau<\/option><option value=\"Dr\" >Dr.<\/option><option value=\"Prof\" >Prof.<\/option><\/select><\/div><\/div><div class=\"forminator-col forminator-col-md-6\"><div class=\"forminator-field\"><label for=\"forminator-field-first-name-1_69d24e69c92c4\" id=\"forminator-field-first-name-1_69d24e69c92c4-label\" class=\"forminator-label\">Vorname <span class=\"forminator-required\">*<\/span><\/label><input type=\"text\" name=\"name-1-first-name\" placeholder=\"z. B. Max\" id=\"forminator-field-first-name-1_69d24e69c92c4\" class=\"forminator-input\" aria-required=\"true\" data-multi=\"1\" value=\"\" \/><\/div><\/div><div class=\"forminator-col forminator-col-md-6\"><div class=\"forminator-field\"><label for=\"forminator-field-last-name-1_69d24e69c92c4\" id=\"forminator-field-last-name-1_69d24e69c92c4-label\" class=\"forminator-label\">Nachname <span class=\"forminator-required\">*<\/span><\/label><input type=\"text\" name=\"name-1-last-name\" placeholder=\"z. B. Mustermann\" id=\"forminator-field-last-name-1_69d24e69c92c4\" class=\"forminator-input\" aria-required=\"true\" data-multi=\"1\" value=\"\" \/><\/div><\/div><\/div><\/div><\/div><div class=\"forminator-row\"><div id=\"email-1\" class=\"forminator-field-email forminator-col forminator-col-12 \"><div class=\"forminator-field\"><label for=\"forminator-field-email-1_69d24e69c92c4\" id=\"forminator-field-email-1_69d24e69c92c4-label\" class=\"forminator-label\">E-Mail-Adresse <span class=\"forminator-required\">*<\/span><\/label><input type=\"email\" name=\"email-1\" value=\"\" placeholder=\"z. B. max@mustermann.de\" id=\"forminator-field-email-1_69d24e69c92c4\" class=\"forminator-input forminator-email--field\" data-required=\"1\" aria-required=\"true\" \/><\/div><\/div><\/div><div class=\"forminator-row\"><div id=\"phone-1\" class=\"forminator-field-phone forminator-col forminator-col-12 \"><div class=\"forminator-field\"><label for=\"forminator-field-phone-1_69d24e69c92c4\" id=\"forminator-field-phone-1_69d24e69c92c4-label\" class=\"forminator-label\">Telefonnummer<\/label><input type=\"text\" name=\"phone-1\" value=\"\" placeholder=\"z. B. +49 3004005000\" id=\"forminator-field-phone-1_69d24e69c92c4\" class=\"forminator-input forminator-field--phone\" data-required=\"\" aria-required=\"false\" autocomplete=\"off\" \/><\/div><\/div><\/div><div class=\"forminator-row\"><div id=\"textarea-1\" class=\"forminator-field-textarea forminator-col forminator-col-12 \"><div class=\"forminator-field\"><label for=\"forminator-field-textarea-1_69d24e69c92c4\" id=\"forminator-field-textarea-1_69d24e69c92c4-label\" class=\"forminator-label\">Nachricht<\/label><textarea name=\"textarea-1\" placeholder=\"Gib deine Nachricht ein...\" id=\"forminator-field-textarea-1_69d24e69c92c4\" class=\"forminator-textarea\" rows=\"6\" style=\"min-height:140px;\" maxlength=\"180\" ><\/textarea><span id=\"forminator-field-textarea-1_69d24e69c92c4-description\" class=\"forminator-description\"><span data-limit=\"180\" data-type=\"characters\" data-editor=\"\">0 \/ 180<\/span><\/span><\/div><\/div><\/div><div class=\"forminator-row\"><div id=\"upload-1\" class=\"forminator-field-upload forminator-col forminator-col-12 \"><div class=\"forminator-field\"><label for=\"forminator-field-upload-1_69d24e69c92c4\" id=\"forminator-field-upload-1_69d24e69c92c4-label\" class=\"forminator-label\">Bewerbungsunterlagen<\/label><div class=\"forminator-multi-upload \" data-element=\"upload-1_69d24e69c92c4\"><input type=\"file\" name=\"upload-1[]\" id=\"forminator-field-upload-1_69d24e69c92c4\" class=\"forminator-input-file forminator-field-upload-1_69d24e69c92c4-460\" multiple=\"multiple\" data-method=\"ajax\" data-size=\"8000000\" data-size-message=\"Die maximale Dateigr\u00f6\u00dfe betr\u00e4gt 8 MB. \"><div class=\"forminator-multi-upload-message\" aria-hidden=\"true\"><span class=\"forminator-icon-upload\" aria-hidden=\"true\"><\/span><p>Drag &amp; Drop (oder) <a class=\"forminator-upload-file--forminator-field-upload-1_69d24e69c92c4\" href=\"#\" onclick=\"return false;\">W\u00e4hle Dateien<\/a><\/p><\/div><\/div><ul class=\"forminator-uploaded-files upload-container-upload-1_69d24e69c92c4\"><\/ul><\/div><\/div><\/div><input type=\"hidden\" name=\"referer_url\" value=\"\" \/><div class=\"forminator-row forminator-row-last\"><div class=\"forminator-col\"><div class=\"forminator-field\"><button class=\"forminator-button forminator-button-submit\">Bewerbung einreichen<\/button><\/div><\/div><\/div><input type=\"hidden\" id=\"forminator_nonce\" name=\"forminator_nonce\" value=\"c4591959cb\" \/><input type=\"hidden\" name=\"_wp_http_referer\" value=\"\/index.php\/wp-json\/wp\/v2\/pages\/412\" \/><input type=\"hidden\" name=\"form_id\" value=\"460\"><input type=\"hidden\" name=\"page_id\" value=\"412\"><input type=\"hidden\" name=\"form_type\" value=\"default\"><input type=\"hidden\" name=\"current_url\" value=\"https:\/\/www.cmz-bauplus.ch\/index.php\/unternehmen\/offene-stellen\/\"><input type=\"hidden\" name=\"render_id\" value=\"0\"><input type=\"hidden\" name=\"forminator-multifile-hidden\" class=\"forminator-multifile-hidden\"><input type=\"hidden\" name=\"action\" value=\"forminator_submit_form_custom-forms\"><\/form><\/div>\n","protected":false},"excerpt":{"rendered":"<p>Wir suchen zur Verst\u00e4rkung unseres Teams: Monteur 80 &#8211; 100%<\/p>\n","protected":false},"author":1,"featured_media":0,"parent":14,"menu_order":0,"comment_status":"closed","ping_status":"closed","template":"","meta":{"footnotes":""},"class_list":["post-412","page","type-page","status-publish","hentry"],"_links":{"self":[{"href":"https:\/\/www.cmz-bauplus.ch\/index.php\/wp-json\/wp\/v2\/pages\/412","targetHints":{"allow":["GET"]}}],"collection":[{"href":"https:\/\/www.cmz-bauplus.ch\/index.php\/wp-json\/wp\/v2\/pages"}],"about":[{"href":"https:\/\/www.cmz-bauplus.ch\/index.php\/wp-json\/wp\/v2\/types\/page"}],"author":[{"embeddable":true,"href":"https:\/\/www.cmz-bauplus.ch\/index.php\/wp-json\/wp\/v2\/users\/1"}],"replies":[{"embeddable":true,"href":"https:\/\/www.cmz-bauplus.ch\/index.php\/wp-json\/wp\/v2\/comments?post=412"}],"version-history":[{"count":5,"href":"https:\/\/www.cmz-bauplus.ch\/index.php\/wp-json\/wp\/v2\/pages\/412\/revisions"}],"predecessor-version":[{"id":477,"href":"https:\/\/www.cmz-bauplus.ch\/index.php\/wp-json\/wp\/v2\/pages\/412\/revisions\/477"}],"up":[{"embeddable":true,"href":"https:\/\/www.cmz-bauplus.ch\/index.php\/wp-json\/wp\/v2\/pages\/14"}],"wp:attachment":[{"href":"https:\/\/www.cmz-bauplus.ch\/index.php\/wp-json\/wp\/v2\/media?parent=412"}],"curies":[{"name":"wp","href":"https:\/\/api.w.org\/{rel}","templated":true}]}}