{"id":63,"date":"2016-09-11T14:46:00","date_gmt":"2016-09-11T12:46:00","guid":{"rendered":"http:\/\/go2sun.ch\/cmz\/?page_id=63"},"modified":"2022-01-28T16:34:15","modified_gmt":"2022-01-28T15:34:15","slug":"firmengeschichte","status":"publish","type":"page","link":"https:\/\/www.cmz-bauplus.ch\/index.php\/unternehmen\/firmengeschichte\/","title":{"rendered":"Firmengeschichte"},"content":{"rendered":"<p><strong>1979<\/strong><br \/>\n&#8211; Gr\u00fcndung einer Kollektivgesellschaft Kundenmaurerarbeiten und<br \/>\n<span style=\"color: #ffffff;\">&#8211;<\/span> Zement\u00fcberz\u00fcge<\/p>\n<p><strong>1980<\/strong><br \/>\n&#8211; Spindeltreppen-Montagen von Stuttgart Schondorf und J. M\u00fcller AG<\/p>\n<p><strong>1990<\/strong><br \/>\n&#8211; Div. Elementmontagen wie Treppen, Fenster- und T\u00fcreinfassungen<\/p>\n<p><strong>1993<\/strong><br \/>\n&#8211; Aufl\u00f6sung der Partnerschaft und Neugr\u00fcndung einer Einzelfirma<br \/>\n&#8211; Erste Fassadenelementmontagen<\/p>\n<p><strong>2000<\/strong><br \/>\n&#8211; Kerngesch\u00e4ft\u00a0Elementbau<br \/>\n&#8211; diverse Kundenmaurerarbeiten<br \/>\n&#8211; Neuanschaffung von Injektionspumpe<\/p>\n<p><strong>2015<\/strong><br \/>\n&#8211; Gesch\u00e4fts\u00fcbernahme der EF J\u00fcrg Burkhardt<br \/>\n&#8211; Neugr\u00fcndung <span style=\"color: #00ff00;\"><strong>CMZ<\/strong><\/span> BauPlus AG<br \/>\n<span style=\"color: #ffffff;\">_\u00a0<\/span>durch Manuel <span style=\"color: #00ff00;\"><strong>C<\/strong><\/span>roci-<span style=\"color: #00ff00;\"><strong>M<\/strong><\/span>aspoli und Daniela <span style=\"color: #00ff00;\"><strong>Z<\/strong><\/span>uliani<br \/>\n&#8211; Betonelementmontagen<br \/>\n&#8211; Kundenmaurerarbeiten<\/p>\n","protected":false},"excerpt":{"rendered":"<p>1979 &#8211; Gr\u00fcndung einer Kollektivgesellschaft Kundenmaurerarbeiten und &#8211; Zement\u00fcberz\u00fcge 1980 &#8211; Spindeltreppen-Montagen von Stuttgart Schondorf und J. M\u00fcller AG 1990<\/p>\n","protected":false},"author":1,"featured_media":0,"parent":14,"menu_order":0,"comment_status":"closed","ping_status":"closed","template":"","meta":{"footnotes":""},"class_list":["post-63","page","type-page","status-publish","hentry"],"_links":{"self":[{"href":"https:\/\/www.cmz-bauplus.ch\/index.php\/wp-json\/wp\/v2\/pages\/63","targetHints":{"allow":["GET"]}}],"collection":[{"href":"https:\/\/www.cmz-bauplus.ch\/index.php\/wp-json\/wp\/v2\/pages"}],"about":[{"href":"https:\/\/www.cmz-bauplus.ch\/index.php\/wp-json\/wp\/v2\/types\/page"}],"author":[{"embeddable":true,"href":"https:\/\/www.cmz-bauplus.ch\/index.php\/wp-json\/wp\/v2\/users\/1"}],"replies":[{"embeddable":true,"href":"https:\/\/www.cmz-bauplus.ch\/index.php\/wp-json\/wp\/v2\/comments?post=63"}],"version-history":[{"count":29,"href":"https:\/\/www.cmz-bauplus.ch\/index.php\/wp-json\/wp\/v2\/pages\/63\/revisions"}],"predecessor-version":[{"id":398,"href":"https:\/\/www.cmz-bauplus.ch\/index.php\/wp-json\/wp\/v2\/pages\/63\/revisions\/398"}],"up":[{"embeddable":true,"href":"https:\/\/www.cmz-bauplus.ch\/index.php\/wp-json\/wp\/v2\/pages\/14"}],"wp:attachment":[{"href":"https:\/\/www.cmz-bauplus.ch\/index.php\/wp-json\/wp\/v2\/media?parent=63"}],"curies":[{"name":"wp","href":"https:\/\/api.w.org\/{rel}","templated":true}]}}